{"id":2,"date":"2023-07-11T08:41:59","date_gmt":"2023-07-11T08:41:59","guid":{"rendered":"http:\/\/rychfood.hu\/?page_id=2"},"modified":"2026-02-01T22:31:32","modified_gmt":"2026-02-01T22:31:32","slug":"sample-page","status":"publish","type":"page","link":"https:\/\/rychfood.hu\/","title":{"rendered":"Men\u00fc"},"content":{"rendered":"<p><center><\/p>\n<div style=\"background-image: url('http:\/\/rychfood.hu\/wp-content\/uploads\/pics\/mainback.jpg'); background-size: 100%; width:120%; position:relative; left:-10%;\">\n<div class=\"kocka\">\n<img decoding=\"async\" class=\"menuu\" src=\"http:\/\/rychfood.hu\/wp-content\/uploads\/pics\/5.png\"><\/p>\n<div class=\"opt1\"><a href=\"http:\/\/rychfood.hu\/kozetkeztetes\"><img decoding=\"async\" src=\"http:\/\/rychfood.hu\/wp-content\/uploads\/pics\/1.png\"><\/a><\/div>\n<div class=\"opt2\"><a href=\"http:\/\/rychfood.hu\/erzsebetetterem\"><img decoding=\"async\" src=\"http:\/\/rychfood.hu\/wp-content\/uploads\/pics\/2.png\"><\/a><\/div>\n<div class=\"opt5\" style=\"display:none\"><a href=\"http:\/\/rychfood.hu\/erzsebetetterem\/karacsonyi-ajanlat\"><img decoding=\"async\" src=\"http:\/\/rychfood.hu\/wp-content\/uploads\/pics\/2y.png\"><\/a><\/div>\n<div class=\"opt3\"><a href=\"http:\/\/rychfood.hu\/bufegroup\"><img decoding=\"async\" src=\"http:\/\/rychfood.hu\/wp-content\/uploads\/pics\/3.png\"><\/a><\/div>\n<div class=\"opt4\"><a href=\"http:\/\/rychfood.hu\/rendezvenyszervezes\"><img decoding=\"async\" src=\"http:\/\/rychfood.hu\/wp-content\/uploads\/pics\/4.png\"><\/a><\/div>\n<\/div>\n<\/div>\n<p><\/center><br \/>\nFedezze fel a RychFood vil\u00e1g\u00e1t \u2013 ahol a min\u0151s\u00e9g \u00e9s az \u00edz tal\u00e1lkozik! <\/p>\n<p>T\u00f6bb mint egy \u00e9vtizedes tapasztalattal a h\u00e1tunk m\u00f6g\u00f6tt, a RychFood elk\u00f6telezetten szolg\u00e1lja ki vend\u00e9gei \u00e9s partnerei folyamatosan n\u00f6vekv\u0151 ig\u00e9nyeit. Szolg\u00e1ltat\u00e1saink soksz\u00edn\u0171s\u00e9ge \u00e9s komplexit\u00e1sa r\u00e9v\u00e9n egyed\u00fcl\u00e1ll\u00f3ak vagyunk a piacon, lefedve a gasztron\u00f3mia sz\u00e1mos ter\u00fclet\u00e9t.<\/p>\n","protected":false},"excerpt":{"rendered":"<p>Fedezze fel a RychFood vil\u00e1g\u00e1t \u2013 ahol a min\u0151s\u00e9g \u00e9s az \u00edz tal\u00e1lkozik! T\u00f6bb mint egy \u00e9vtizedes tapasztalattal a h\u00e1tunk m\u00f6g\u00f6tt, a RychFood elk\u00f6telezetten szolg\u00e1lja ki vend\u00e9gei \u00e9s [&hellip;]<\/p>\n","protected":false},"author":1,"featured_media":0,"parent":0,"menu_order":0,"comment_status":"closed","ping_status":"open","template":"","meta":{"_monsterinsights_skip_tracking":false,"_monsterinsights_sitenote_active":false,"_monsterinsights_sitenote_note":"","_monsterinsights_sitenote_category":0,"footnotes":""},"_links":{"self":[{"href":"https:\/\/rychfood.hu\/index.php?rest_route=\/wp\/v2\/pages\/2"}],"collection":[{"href":"https:\/\/rychfood.hu\/index.php?rest_route=\/wp\/v2\/pages"}],"about":[{"href":"https:\/\/rychfood.hu\/index.php?rest_route=\/wp\/v2\/types\/page"}],"author":[{"embeddable":true,"href":"https:\/\/rychfood.hu\/index.php?rest_route=\/wp\/v2\/users\/1"}],"replies":[{"embeddable":true,"href":"https:\/\/rychfood.hu\/index.php?rest_route=%2Fwp%2Fv2%2Fcomments&post=2"}],"version-history":[{"count":181,"href":"https:\/\/rychfood.hu\/index.php?rest_route=\/wp\/v2\/pages\/2\/revisions"}],"predecessor-version":[{"id":360,"href":"https:\/\/rychfood.hu\/index.php?rest_route=\/wp\/v2\/pages\/2\/revisions\/360"}],"wp:attachment":[{"href":"https:\/\/rychfood.hu\/index.php?rest_route=%2Fwp%2Fv2%2Fmedia&parent=2"}],"curies":[{"name":"wp","href":"https:\/\/api.w.org\/{rel}","templated":true}]}}